{"id":11,"date":"2012-07-09T21:42:53","date_gmt":"2012-07-09T19:42:53","guid":{"rendered":"http:\/\/sauseschritt.net\/?page_id=11"},"modified":"2012-11-22T22:18:52","modified_gmt":"2012-11-22T20:18:52","slug":"mittelalter","status":"publish","type":"page","link":"https:\/\/sauseschritt.net\/?page_id=11","title":{"rendered":"Mittelalter"},"content":{"rendered":"<p>Als Mittelalter wird die Epoche zwischen Antike und Neuzeit bezeichnet &#8211; grob umrissen die tausend Jahre zwischen 500 und 1500. Problematischer wird es, wenn man Anfang und Ende des Mittelalters genauer datieren will. Betrachtet man das Christentum als wesentliches charakteristisches Merkmal des Mittelalters, so kann die Regierungszeit (<strong>312 &#8211; 337<\/strong>) des christlich gewordenen r\u00f6mischen Kaisers Konstantin des Gro\u00dfen als Beginn des Mittelalters angesehen werden. Gegen diese fr\u00fche Datierung spricht,\u00a0dass die wirtschaftlichen und politischen Strukturen\u00a0noch bis ins sp\u00e4te 5. Jahrhundert denen der Antike entsprachen und sich erst im 6. Jahrhundert signifikant ver\u00e4nderten.<\/p>\n<p>Folgende Jahreszahlen, die den Beginn des Mittelalters kennzeichnen sollen, betonen &#8211; je nach Sichtweise &#8211;\u00a0gravierende\u00a0Ver\u00e4nderungen in der politischen\u00a0oder religi\u00f6sen Struktur:<\/p>\n<ul>\n<li><strong>375 <\/strong>Hunneneinfall; \u00dcbertritt der Westgoten ins R\u00f6mische Reich; V\u00f6lkerwanderung<\/li>\n<li><strong>391 <\/strong>Christentum wird Staatsreligion\u00a0 unter Theodosius<\/li>\n<li><strong>395<\/strong> Aufteilung des R\u00f6mischen Reichs<\/li>\n<li><strong>410<\/strong> Eroberung Roms durch die Westgoten<\/li>\n<li><strong>476<\/strong> Ende des westr\u00f6mischen Reichs mit Absetzung des letzten westr\u00f6mischen Kaisers<\/li>\n<li><strong>496<\/strong> Taufe Chlodwigs<\/li>\n<li><strong>568 <\/strong> Landnahme der Langobarden in Italien<\/li>\n<li><strong>622 <\/strong>Auszug Mohammedas aus Mekka nach Medina; Beginn der Ausbreitung des Islam<\/li>\n<li><strong>711 <\/strong>Landung der Araber in Spanien<\/li>\n<li><strong>800 <\/strong>Kr\u00f6nung Karls des Gro\u00dfen zum Kaiser<\/li>\n<\/ul>\n<p>Auch f\u00fcr das Ende des Mittelalters werden verschiedene Datierungen an Hand von bedeutenden politischen,\u00a0 technisch-fortschrittlichen, gesellschaftlichen und religi\u00f6sen\u00a0Ereignissen und Ver\u00e4nderungen \u00a0diskutiert:<\/p>\n<ul>\n<li><strong>1450 <\/strong>Einf\u00fchrung des Buchdrucks<\/li>\n<li><strong>1453 <\/strong> Eroberung der christlichen Stadt Konstantinopel (Byzanz) durch die T\u00fcrken<\/li>\n<li><strong>1492 <\/strong>Entdeckung Amerikas durch Christoph Columbus<\/li>\n<li><strong>1517 <\/strong>Beginn der Reformation<\/li>\n<li><strong>1525 <\/strong>Bauernkriege<\/li>\n<\/ul>\n<p>Die Gliederung des Mittelalters in <strong>Fr\u00fchmittelalter<\/strong>, <strong>Hochmittelalter<\/strong> und <strong>Sp\u00e4tmittelalter<\/strong> ist kaum umstritten. Der Beginn des Hochmittelalters wird meist um das Jahr 900\u00a0datiert &#8211; zu dieser Zeit bildeten sich aus dem Karolingereich einzelne europ\u00e4ische Staaten heraus. Mit dem Tod des Stauferkaisers Friedrich II. im Jahr 1250 wird der Beginn des Sp\u00e4tmittelalters angesetzt.<\/p>\n<p>Die mittelalterliche deutsche Geschichte des Fr\u00fch- und Hochmittelalters wird dar\u00fcber hinaus in Epochen gegliedert, die sich an den herrschenden Dynastien orientieren:<\/p>\n<p>Zeit der<\/p>\n<ul>\n<li>Merowinger (481\/82 &#8211; 751)<\/li>\n<li>Karolinger ( 751 &#8211; 911)<\/li>\n<li>Ottonen (919 &#8211; 1024)<\/li>\n<li>Salier (1024 &#8211; 1125)<\/li>\n<li>Staufer (1125 -1250)<\/li>\n<\/ul>\n<p><strong>Quellen und weitere Informationen <\/strong>zur Periodisierung des Mittelalters:<br \/>\nMartina Hartmann: Mittelalterliche Geschichte studieren, Konstanz 2004, S. 44 f.<br \/>\nUlrich Knefelkamp: Das Mittelalter, Paderborn 2003, S. 14 f.<\/p>\n<p>Aufs\u00e4tze zum Thema <em>Mittelalter<\/em> auf sauseschritt.net:<\/p>\n<p><a title=\"Im Zeichen des Kreuzes und in Gottes Namen\" href=\"https:\/\/sauseschritt.net\/?p=360\">Im Zeichen des Kreuzes und in Gottes Namen<\/a><\/p>\n<p><a title=\"Ars moriendi im Sp\u00e4tmittelalter\" href=\"https:\/\/sauseschritt.net\/?p=74\">Ars moriendi im Sp\u00e4tmittelalter &#8211; Eine Auseinandersetzung mit dem allgegenw\u00e4rtigen Tod<\/a><\/p>\n<p><a title=\"Stra\u00dfenraub im Sp\u00e4tmittelalter\" href=\"https:\/\/sauseschritt.net\/?p=539\" target=\"_blank\">wedder god, recht unde ere &#8211; Stra\u00dfenraub im Spiegel der L\u00fcbecker Ratschronik<\/a><\/p>\n<p><a title=\"Gottesgnadentum und weltlicher Machtanspruch\" href=\"https:\/\/sauseschritt.net\/?p=726\">Gottesgnadentum und weltlicher Machtanspruch Heinrichs II.<\/a><\/p>\n","protected":false},"excerpt":{"rendered":"<p>Als Mittelalter wird die Epoche zwischen Antike und Neuzeit bezeichnet &#8211; grob umrissen die tausend Jahre zwischen 500 und 1500. Problematischer wird es, wenn man Anfang und Ende des Mittelalters genauer datieren will. Betrachtet man das Christentum als wesentliches charakteristisches Merkmal des Mittelalters, so kann die Regierungszeit (312 &#8211; 337) des christlich gewordenen r\u00f6mischen Kaisers &hellip; <a href=\"https:\/\/sauseschritt.net\/?page_id=11\" class=\"more-link\"><span class=\"screen-reader-text\">Mittelalter<\/span> weiterlesen <span class=\"meta-nav\">&rarr;<\/span><\/a><\/p>\n","protected":false},"author":1,"featured_media":0,"parent":0,"menu_order":1,"comment_status":"closed","ping_status":"closed","template":"","meta":{"footnotes":""},"class_list":["post-11","page","type-page","status-publish","hentry"],"_links":{"self":[{"href":"https:\/\/sauseschritt.net\/index.php?rest_route=\/wp\/v2\/pages\/11","targetHints":{"allow":["GET"]}}],"collection":[{"href":"https:\/\/sauseschritt.net\/index.php?rest_route=\/wp\/v2\/pages"}],"about":[{"href":"https:\/\/sauseschritt.net\/index.php?rest_route=\/wp\/v2\/types\/page"}],"author":[{"embeddable":true,"href":"https:\/\/sauseschritt.net\/index.php?rest_route=\/wp\/v2\/users\/1"}],"replies":[{"embeddable":true,"href":"https:\/\/sauseschritt.net\/index.php?rest_route=%2Fwp%2Fv2%2Fcomments&post=11"}],"version-history":[{"count":20,"href":"https:\/\/sauseschritt.net\/index.php?rest_route=\/wp\/v2\/pages\/11\/revisions"}],"predecessor-version":[{"id":130,"href":"https:\/\/sauseschritt.net\/index.php?rest_route=\/wp\/v2\/pages\/11\/revisions\/130"}],"wp:attachment":[{"href":"https:\/\/sauseschritt.net\/index.php?rest_route=%2Fwp%2Fv2%2Fmedia&parent=11"}],"curies":[{"name":"wp","href":"https:\/\/api.w.org\/{rel}","templated":true}]}}