{"id":14,"date":"2012-07-09T21:45:00","date_gmt":"2012-07-09T19:45:00","guid":{"rendered":"http:\/\/sauseschritt.net\/?page_id=14"},"modified":"2018-05-24T21:46:34","modified_gmt":"2018-05-24T19:46:34","slug":"neuzeit","status":"publish","type":"page","link":"https:\/\/sauseschritt.net\/?page_id=14","title":{"rendered":"Fr\u00fche Neuzeit"},"content":{"rendered":"<p>Die Fr\u00fche Neuzeit kann als eine l\u00e4ngere \u00dcbergangsphase zwischen zwei Modernit\u00e4tsschwellen angesehen werden. Die erste Schwelle ist dabei der Beginn der Neuzeit um 1500, die zweite Schwelle um das Jahr 1800 markiert den Beginn der eigentlichen Moderne. Beide Schwellen lassen sich nicht auf ein exaktes Datum reduzieren, sondern sind als eine breitere \u00dcbergangsphase zu verstehen: Der Beginn der Fr\u00fchen Neuzeit wird zwischen 1450 und 1550 gesehen, der \u00dcbergang zur Moderne zwischen 1750 und 1850. Daneben stehen manchmal auch folgende Jahreszahlen f\u00fcr den Beginn der Fr\u00fchen Neuzeit:<\/p>\n<ul>\n<li><strong>1453<\/strong> Eroberung Konstantinopels durch die Osmanen<\/li>\n<li><strong>1492<\/strong> Entdeckung Amerikas<\/li>\n<li><strong>1517<\/strong> Reformation<\/li>\n<\/ul>\n<p>Das Ende der Fr\u00fchen Neuzeit zwischen 1750 und 1850, die zweite Modernit\u00e4tsschwelle der Neuzeit, ist durch die sogenannte &#8222;Doppelrevolution&#8220; &#8211; die franz\u00f6sische Revolution 1789 und die industrielle Revolution &#8211; gekennzeichnet. Diese Epochenschwelle wird auch als &#8222;Sattelzeit&#8220; bezeichnet.<\/p>\n<p><strong>Quelle und weitere Informationen<\/strong> zur Periodisierung\u00a0der Fr\u00fchen Neuzeit:<\/p>\n<p>Birgit Emich: Geschichte der Fr\u00fchen Neuzeit studieren, Konstanz 2006, S. 116-119.<\/p>\n","protected":false},"excerpt":{"rendered":"<p>Die Fr\u00fche Neuzeit kann als eine l\u00e4ngere \u00dcbergangsphase zwischen zwei Modernit\u00e4tsschwellen angesehen werden. Die erste Schwelle ist dabei der Beginn der Neuzeit um 1500, die zweite Schwelle um das Jahr 1800 markiert den Beginn der eigentlichen Moderne. Beide Schwellen lassen sich nicht auf ein exaktes Datum reduzieren, sondern sind als eine breitere \u00dcbergangsphase zu verstehen: &hellip; <a href=\"https:\/\/sauseschritt.net\/?page_id=14\" class=\"more-link\"><span class=\"screen-reader-text\">Fr\u00fche Neuzeit<\/span> weiterlesen <span class=\"meta-nav\">&rarr;<\/span><\/a><\/p>\n","protected":false},"author":1,"featured_media":0,"parent":0,"menu_order":2,"comment_status":"closed","ping_status":"closed","template":"","meta":{"footnotes":""},"class_list":["post-14","page","type-page","status-publish","hentry"],"_links":{"self":[{"href":"https:\/\/sauseschritt.net\/index.php?rest_route=\/wp\/v2\/pages\/14","targetHints":{"allow":["GET"]}}],"collection":[{"href":"https:\/\/sauseschritt.net\/index.php?rest_route=\/wp\/v2\/pages"}],"about":[{"href":"https:\/\/sauseschritt.net\/index.php?rest_route=\/wp\/v2\/types\/page"}],"author":[{"embeddable":true,"href":"https:\/\/sauseschritt.net\/index.php?rest_route=\/wp\/v2\/users\/1"}],"replies":[{"embeddable":true,"href":"https:\/\/sauseschritt.net\/index.php?rest_route=%2Fwp%2Fv2%2Fcomments&post=14"}],"version-history":[{"count":12,"href":"https:\/\/sauseschritt.net\/index.php?rest_route=\/wp\/v2\/pages\/14\/revisions"}],"predecessor-version":[{"id":991,"href":"https:\/\/sauseschritt.net\/index.php?rest_route=\/wp\/v2\/pages\/14\/revisions\/991"}],"wp:attachment":[{"href":"https:\/\/sauseschritt.net\/index.php?rest_route=%2Fwp%2Fv2%2Fmedia&parent=14"}],"curies":[{"name":"wp","href":"https:\/\/api.w.org\/{rel}","templated":true}]}}