{"id":2,"date":"2012-07-09T18:50:28","date_gmt":"2012-07-09T16:50:28","guid":{"rendered":"http:\/\/sauseschritt.net\/?page_id=2"},"modified":"2012-08-27T23:25:41","modified_gmt":"2012-08-27T21:25:41","slug":"sample-page","status":"publish","type":"page","link":"https:\/\/sauseschritt.net\/?page_id=2","title":{"rendered":"Alte Geschichte"},"content":{"rendered":"<p>Die Alte Geschichte besch\u00e4ftigt sich \u2013 in Abgrenzung zur Arch\u00e4ologie und zur Ur- und Fr\u00fchgeschichte \u2013 mit den schriftlichen Hinterlassenschaften der Menschheit, auch wenn Althistoriker gelegentlich mit nicht-schriftlichen Quellen arbeiten. Der Beginn der Alten Geschichte kann daher mit dem mit dem Einsetzen der ersten Keilschriften der Sumerer <strong>um 3000 v. Chr.<\/strong> angesetzt werden. Andere Ans\u00e4tze datieren die Anf\u00e4nge der Alten Geschichte deutlich sp\u00e4ter:<\/p>\n<ul>\n<li>mit Entstehung des mykenischen Griechentums <strong>Mitte zweites Jtsd. v. Chr.<\/strong><\/li>\n<li>mit dem Beginn der Linear B-Schrift <strong>um 1450 v. Chr.<\/strong>, die 1952 entschl\u00fcsselt wurde und die verwendete Sprache mit dem Griechischen identifizierte<\/li>\n<li>mit dem Untergang der minoisch-mykenischen Kultur um <strong>1200 v. Chr.<\/strong><\/li>\n<li>mit Homer und der Einf\u00fchrung des Alphabets durch die Griechen im <strong>8. Jhdt v. Chr.<\/strong><\/li>\n<\/ul>\n<p>Die Abgrenzung der Alten Geschichte zum Mittelalter war lange Zeit wegen politisch und ideologisch gepr\u00e4gten Diskussionen unter den Historikern umstritten. In der Literatur werden die Ausbreitung des  Christentums und die V\u00f6lkerwanderung als entscheidende Z\u00e4sur  und Ende der Antike angesehen.  Es gibt\u00a0verschiedene Vorschl\u00e4ge der  zeitlichen Abgrenzung zum Mittelalter:<\/p>\n<ul>\n<li><strong>325 n. Chr.<\/strong> Konzil von Nic\u00e4a, einberufen von Kaiser Konstantin I.<\/li>\n<li><strong>378 n. Chr.<\/strong> Sieg der Westgoten bei Adrianopel<\/li>\n<li><strong>476 n. Chr.<\/strong> Absetzung des letzten westr\u00f6mischen Kaisers Romulus Augustulus<\/li>\n<li><strong>568 n. Chr.<\/strong> Eroberung Italiens durch die Langobarden<\/li>\n<li><strong>632 n. Chr.<\/strong> Beginn der islamischen Expansion<\/li>\n<li><strong>800 n. Chr.<\/strong> Kaiserkr\u00f6nung Karls des Gro\u00dfen<\/li>\n<\/ul>\n<p>Die unterschiedlichen Vorschl\u00e4ge f\u00fcr eine Epochengrenze zum Mittelalter haben eine Gemeinsamkeit \u2013 sie versuchen die Komplexit\u00e4t historischer Diskontinuit\u00e4ten zu verdichten. Je nachdem, was als wesentliches und charakterisierendes Merkmal der Antike angesehen wird, so wird eben das Verblassen oder Verschwinden dieses Charakteristikums als Ende der Antike und Beginn des Mittelalters interpretiert.<\/p>\n<p>Der in der Alten Geschichte untersuchte geographische Raum umfasst grob alle Regionen, die Teil des R\u00f6mischen Reichs zum Zeitpunkt seiner gr\u00f6\u00dften Ausdehnung waren. Die Alte Geschichte ist im Wesentlichen die Geschichte Griechenlands und Roms  sowie der Kontakte der Griechen und R\u00f6mer zu ihren Nachbarv\u00f6lkern im Norden und im Mittelmeerraum.<\/p>\n<p><strong>Quellen und weitere Informationen <\/strong>zur Periodisierung der Alten Geschichte:<\/p>\n<p>Rosemarie G\u00fcnther: Einf\u00fchrung in das Studium der Alten Geschichte, Paderborn 2009, S. 16-18.<br \/>\nHartmut Blum, Reinhard Wolters: Alte Geschichte studieren, Konstanz 2006, S. 13f.<\/p>\n<p>Aufs\u00e4tze zum Thema <em>Alte Geschichte <\/em>auf sauseschritt.net:<br \/>\n<a title=\"Der Dritte Punische Krieg\" href=\"https:\/\/sauseschritt.net\/?p=312\">Der Dritte Punische Krieg &#8211; Anspruch und Wirklichkeit der r\u00f6mischen Maxime vom &#8222;gerechten Krieg&#8220;<\/a><\/p>\n","protected":false},"excerpt":{"rendered":"<p>Die Alte Geschichte besch\u00e4ftigt sich \u2013 in Abgrenzung zur Arch\u00e4ologie und zur Ur- und Fr\u00fchgeschichte \u2013 mit den schriftlichen Hinterlassenschaften der Menschheit, auch wenn Althistoriker gelegentlich mit nicht-schriftlichen Quellen arbeiten. Der Beginn der Alten Geschichte kann daher mit dem mit dem Einsetzen der ersten Keilschriften der Sumerer um 3000 v. Chr. angesetzt werden. Andere Ans\u00e4tze &hellip; <a href=\"https:\/\/sauseschritt.net\/?page_id=2\" class=\"more-link\"><span class=\"screen-reader-text\">Alte Geschichte<\/span> weiterlesen <span class=\"meta-nav\">&rarr;<\/span><\/a><\/p>\n","protected":false},"author":1,"featured_media":0,"parent":0,"menu_order":0,"comment_status":"closed","ping_status":"closed","template":"","meta":{"footnotes":""},"class_list":["post-2","page","type-page","status-publish","hentry"],"_links":{"self":[{"href":"https:\/\/sauseschritt.net\/index.php?rest_route=\/wp\/v2\/pages\/2","targetHints":{"allow":["GET"]}}],"collection":[{"href":"https:\/\/sauseschritt.net\/index.php?rest_route=\/wp\/v2\/pages"}],"about":[{"href":"https:\/\/sauseschritt.net\/index.php?rest_route=\/wp\/v2\/types\/page"}],"author":[{"embeddable":true,"href":"https:\/\/sauseschritt.net\/index.php?rest_route=\/wp\/v2\/users\/1"}],"replies":[{"embeddable":true,"href":"https:\/\/sauseschritt.net\/index.php?rest_route=%2Fwp%2Fv2%2Fcomments&post=2"}],"version-history":[{"count":28,"href":"https:\/\/sauseschritt.net\/index.php?rest_route=\/wp\/v2\/pages\/2\/revisions"}],"predecessor-version":[{"id":584,"href":"https:\/\/sauseschritt.net\/index.php?rest_route=\/wp\/v2\/pages\/2\/revisions\/584"}],"wp:attachment":[{"href":"https:\/\/sauseschritt.net\/index.php?rest_route=%2Fwp%2Fv2%2Fmedia&parent=2"}],"curies":[{"name":"wp","href":"https:\/\/api.w.org\/{rel}","templated":true}]}}