{"id":385,"date":"2012-07-18T12:28:06","date_gmt":"2012-07-18T10:28:06","guid":{"rendered":"http:\/\/sauseschritt.net\/?page_id=385"},"modified":"2016-01-30T18:03:14","modified_gmt":"2016-01-30T16:03:14","slug":"autor","status":"publish","type":"page","link":"https:\/\/sauseschritt.net\/?page_id=385","title":{"rendered":"Autor"},"content":{"rendered":"<p style=\"text-align: left;\"><img loading=\"lazy\" decoding=\"async\" title=\"430_Peter\" src=\"https:\/\/sauseschritt.net\/wp-content\/uploads\/2012\/07\/430_Peter-150x150.jpg\" alt=\"Peter Rose\" width=\"254\" height=\"254\" \/><\/p>\n<p style=\"text-align: left;\">Peter Rose, Jahrgang 1958, lebt in Hamburg. Nach mehr als zwei Jahrzehnten als angestellter Softwareentwickler und selbst\u00e4ndiger IT-Berater hat er\u00a0 &#8211; sozusagen als &#8222;Sp\u00e4tberufener&#8220; zum Wintersemester 2008 ein Geschichtsstudium am Historischen Seminar der Universit\u00e4t Hamburg aufgenommen.<\/p>\n<p style=\"text-align: left;\">Seine Schwerpunkte liegen in der neueren deutschen Geschichte vom Deutschen Kaiserreich\u00a01871-1918 bis hin zur &#8222;Wende&#8220; und dem wiedervereinigten Deutschland 1989\/1990, aber er befasst sich auch in interdisziplin\u00e4ren Mittelalterstudien (Germanistik, Geschichte und Kunstgeschichte) mit der faszinierenden Welt des Mittelalters.<\/p>\n<p style=\"text-align: left;\">Im Sommersemester 2011 schrieb er seine Bachelorarbeit mit dem Titel &#8222;Die N\u00fcrnberger Gesetze im Spiegel der zeitgen\u00f6ssischen Presse &#8211; Nationalsozialistische Kampagnen und die Reaktionen in den deutsch-j\u00fcdischen Zeitungen&#8220;. \u00a0Im Jahr 2013 beendete er sein anschlie\u00dfendes Masterstudium mit einer Arbeit zum Thema &#8222;Historiker und die Aufarbeitung des Nationalsozialismus in den Wochenzeitschriften DIE ZEIT und DER SPIEGEL 1946 &#8211; 1965&#8220;.<\/p>\n<p><span style=\"text-decoration: underline;\">Kontakt:<br \/>\n<\/span>Peter Rose<br \/>\nSemperstr. 6<br \/>\n22303 Hamburg<\/p>\n<p>Tel.: 0160-532 85 58<br \/>\nE-Mail: <a href=\"mailto:mail@peter-rose.de\">mail@peter-rose.de<\/a><\/p>\n","protected":false},"excerpt":{"rendered":"<p>Peter Rose, Jahrgang 1958, lebt in Hamburg. Nach mehr als zwei Jahrzehnten als angestellter Softwareentwickler und selbst\u00e4ndiger IT-Berater hat er\u00a0 &#8211; sozusagen als &#8222;Sp\u00e4tberufener&#8220; zum Wintersemester 2008 ein Geschichtsstudium am Historischen Seminar der Universit\u00e4t Hamburg aufgenommen. Seine Schwerpunkte liegen in der neueren deutschen Geschichte vom Deutschen Kaiserreich\u00a01871-1918 bis hin zur &#8222;Wende&#8220; und dem wiedervereinigten Deutschland &hellip; <a href=\"https:\/\/sauseschritt.net\/?page_id=385\" class=\"more-link\"><span class=\"screen-reader-text\">Autor<\/span> weiterlesen <span class=\"meta-nav\">&rarr;<\/span><\/a><\/p>\n","protected":false},"author":1,"featured_media":0,"parent":0,"menu_order":13,"comment_status":"closed","ping_status":"closed","template":"","meta":{"footnotes":""},"class_list":["post-385","page","type-page","status-publish","hentry"],"_links":{"self":[{"href":"https:\/\/sauseschritt.net\/index.php?rest_route=\/wp\/v2\/pages\/385","targetHints":{"allow":["GET"]}}],"collection":[{"href":"https:\/\/sauseschritt.net\/index.php?rest_route=\/wp\/v2\/pages"}],"about":[{"href":"https:\/\/sauseschritt.net\/index.php?rest_route=\/wp\/v2\/types\/page"}],"author":[{"embeddable":true,"href":"https:\/\/sauseschritt.net\/index.php?rest_route=\/wp\/v2\/users\/1"}],"replies":[{"embeddable":true,"href":"https:\/\/sauseschritt.net\/index.php?rest_route=%2Fwp%2Fv2%2Fcomments&post=385"}],"version-history":[{"count":15,"href":"https:\/\/sauseschritt.net\/index.php?rest_route=\/wp\/v2\/pages\/385\/revisions"}],"predecessor-version":[{"id":977,"href":"https:\/\/sauseschritt.net\/index.php?rest_route=\/wp\/v2\/pages\/385\/revisions\/977"}],"wp:attachment":[{"href":"https:\/\/sauseschritt.net\/index.php?rest_route=%2Fwp%2Fv2%2Fmedia&parent=385"}],"curies":[{"name":"wp","href":"https:\/\/api.w.org\/{rel}","templated":true}]}}